{"id":300,"date":"2021-03-28T19:02:44","date_gmt":"2021-03-28T17:02:44","guid":{"rendered":"http:\/\/villacassiopee-rayol.fr\/?page_id=300"},"modified":"2021-03-28T20:44:37","modified_gmt":"2021-03-28T18:44:37","slug":"testimonials","status":"publish","type":"page","link":"https:\/\/villacassiopee-rayol.fr\/index.php\/testimonials\/","title":{"rendered":"Testimonials"},"content":{"rendered":"\n<p><strong>Ch\u00e8re Lucie, Cher Marc,<\/strong><\/p>\n\n\n\n<p><strong>J\u2019esp\u00e8re que vous avez retrouv\u00e9 la villa dans un \u00e9tat impeccable apr\u00e8s notre d\u00e9part. Nous voulions vous remercier car notre s\u00e9jour au Rayol a \u00e9t\u00e9 merveilleux. La villa a une vue extraordinaire et est vraiment tr\u00e8s agr\u00e9able.<\/strong><br><strong>Nous reviendrons l\u2019an prochain.<\/strong><br><strong>Bien cordialement,<\/strong><\/p>\n\n\n\n<p><strong>Marie D. USA\/France<\/strong><\/p>\n\n\n\n<p><strong><em>Dear Mrs. Verdet Thorsen,<\/em><\/strong><\/p>\n\n\n\n<p><strong><em>Thank you very much, we had had very nice holidays in the villa. The sea view was the best that we ever had. The garden was wonderful in its variety of flowers. We would like to come back next year, if it is possible and we find a suitable period of time in which the house is free.<\/em><\/strong><\/p>\n\n\n\n<p><strong><em>Mrs B. from Germany<\/em><\/strong><\/p>\n\n\n\n<p><strong>Ch\u00e8re Madame Verdet,<\/strong><\/p>\n\n\n\n<p><strong>Nous avons autant appr\u00e9ci\u00e9 notre s\u00e9jour que l\u2019an pass\u00e9 et esp\u00e9rons pouvoir revenir l\u2019an prochain.<\/strong><br><strong>Tr\u00e8s cordialement<\/strong><\/p>\n\n\n\n<p><strong>M-C Seghaye, Belgique<\/strong><\/p>\n\n\n\n<p><strong><em>Bonjour<\/em><\/strong><\/p>\n\n\n\n<p><strong><em>Notre s\u00e9jour au Rayol se termine avec soleil et mer belle, ce qui ne nous encourage pas \u00e0 retrouver le temps maussade du sud-ouest\u2026<\/em><\/strong><br><strong><em>Nous avons beaucoup appr\u00e9ci\u00e9 le charme et la vue splendide de votre maison, ce qui nous rend d\u2019autant plus nostalgiques de la quitter. Et puis nous aimons tant le Rayol!\u2026<\/em><\/strong><br><strong><em>Nous esp\u00e9rons un nouveau s\u00e9jour dans votre villa l\u2019ann\u00e9e prochaine. Pour cela nous reprendrons contact avec vous \u00e0 la fin de l\u2019hiver prochain.<\/em><\/strong><\/p>\n\n\n\n<p><strong><em>Dans cette attente, veuillez croire, Mesdames, Monsieur, en nos meilleurs sentiments.<\/em><\/strong><\/p>\n\n\n\n<p><strong><em>Sylviane et Didier L. France<\/em><\/strong><\/p>\n\n\n\n<p><\/p>\n\n\n\n<p>More testimonials on airbnb: \u00a0<a rel=\"noreferrer noopener\" href=\"https:\/\/airbnb.com\/h\/villacassiopee\" target=\"_blank\">https:\/\/airbnb.com\/h\/villacassiopee<\/a><\/p>\n","protected":false},"excerpt":{"rendered":"<p>Ch\u00e8re Lucie, Cher Marc, J\u2019esp\u00e8re que vous avez retrouv\u00e9 la villa dans un \u00e9tat impeccable apr\u00e8s notre d\u00e9part. Nous voulions vous remercier car notre s\u00e9jour au Rayol a \u00e9t\u00e9 merveilleux. La villa a une vue extraordinaire et est vraiment tr\u00e8s agr\u00e9able.Nous reviendrons l\u2019an prochain.Bien cordialement, Marie D. USA\/France Dear Mrs. Verdet Thorsen, Thank you very &hellip; <a href=\"https:\/\/villacassiopee-rayol.fr\/index.php\/testimonials\/\" class=\"more-link\">Continue reading <span class=\"screen-reader-text\">Testimonials<\/span><\/a><\/p>\n","protected":false},"author":1,"featured_media":0,"parent":0,"menu_order":0,"comment_status":"closed","ping_status":"closed","template":"","meta":{"footnotes":""},"_links":{"self":[{"href":"https:\/\/villacassiopee-rayol.fr\/index.php\/wp-json\/wp\/v2\/pages\/300"}],"collection":[{"href":"https:\/\/villacassiopee-rayol.fr\/index.php\/wp-json\/wp\/v2\/pages"}],"about":[{"href":"https:\/\/villacassiopee-rayol.fr\/index.php\/wp-json\/wp\/v2\/types\/page"}],"author":[{"embeddable":true,"href":"https:\/\/villacassiopee-rayol.fr\/index.php\/wp-json\/wp\/v2\/users\/1"}],"replies":[{"embeddable":true,"href":"https:\/\/villacassiopee-rayol.fr\/index.php\/wp-json\/wp\/v2\/comments?post=300"}],"version-history":[{"count":2,"href":"https:\/\/villacassiopee-rayol.fr\/index.php\/wp-json\/wp\/v2\/pages\/300\/revisions"}],"predecessor-version":[{"id":326,"href":"https:\/\/villacassiopee-rayol.fr\/index.php\/wp-json\/wp\/v2\/pages\/300\/revisions\/326"}],"wp:attachment":[{"href":"https:\/\/villacassiopee-rayol.fr\/index.php\/wp-json\/wp\/v2\/media?parent=300"}],"curies":[{"name":"wp","href":"https:\/\/api.w.org\/{rel}","templated":true}]}}